{"id":728,"date":"2011-06-30T23:10:18","date_gmt":"2011-06-30T22:10:18","guid":{"rendered":"http:\/\/www.micheluccio.net\/blog\/?page_id=728"},"modified":"2019-11-25T10:49:19","modified_gmt":"2019-11-25T09:49:19","slug":"xtra","status":"publish","type":"page","link":"https:\/\/micheluccio.net\/blog\/?page_id=728","title":{"rendered":"mcPhone"},"content":{"rendered":"<p>Was soll das f\u00fcr eine neue Erfindung sein? Ja, habe ich mir auch gedacht aber mal ganz langsam erkl\u00e4rt: es soll nicht ein neues Smartphone werden, denn davon gibt es bereits wie Sand am Meer. Die Idee erweckt eigentlich in einem Hotel in M\u00fcnchen. Ich schaue mir die Bilder auf meinem iPhone&nbsp;an und empfinde die sind gar nicht so schlecht&nbsp;(schreibe mit Absicht&nbsp;mcPhone im Titel, weil die Besonderheit dabei ist, es befindet sich in meinen H\u00e4nden). Dann habe ich an einer Aussage gedacht, eines Meisters der Reportagefotografie und K\u00fcnstler (W. Eugene Smith): die Fotografie sei die gr\u00f6\u00dfte L\u00fcge nebst der \u00dcberzeugung dass sie uns die Realit\u00e4t, so wie sie ist wiedergibt. Dann bin ich ja gespannt zu erkennen, welche Art &#8218;L\u00fcgen&#8216; die Linse eines iPhones erz\u00e4hlen kann. Eure sind die Kommentare!<\/p>\n<p>&nbsp;<\/p>\n<p><em>..\/.. Cari amici, non \u00e9 una nuova invenzione, perch\u00e8 non darei per niente all&#8217;occhio se lanciassi un nuovo Smartphone nell&#8217;era dei cellulari tuttofare, se mai sia si possa ancora usare il termine cellulare. \u00c8 semplicemente un&#8217;idea nata in una camera d&#8217;albergo a Monaco di Baviera mentre rovistavo fra le foto scattate col mio iPhone (rendo mcPhone nel titolo perch\u00e8, insomma, si tratta di un iPhone si, ma &#8230;. ma nelle mie mani). Un momento dopo ho pensato ad una frase detta da un maestro del reportage e anzitutto artista&nbsp;(W. Eugene Smith): la fotografia \u00e9 la pi\u00f9 grande bugiarda che ci sia, complice la convinzione che essa ci mostri la realt\u00e0 cos\u00ec com&#8217;\u00e8. Allora sono tutto ansioso di scoprire quali intriganti &#8218;bugie&#8216; riuscirebbe a raccontare la lente ottica di un iPhone. I commenti, sono i Vostri.<\/em><\/p>\n<p><a rel=\"attachment wp-att-1106\" href=\"https:\/\/micheluccio.net\/blog\/?attachment_id=1106\"><img loading=\"lazy\" decoding=\"async\" class=\"aligncenter size-full wp-image-1106\" title=\"micheluccio_hochzeitsfotograf_mcPhone_006\" src=\"https:\/\/micheluccio.net\/blog\/wp-content\/uploads\/2011\/07\/micheluccio_hochzeitsfotograf_mcPhone_006.jpg\" alt=\"\" width=\"778\" height=\"778\" srcset=\"https:\/\/micheluccio.net\/blog\/wp-content\/uploads\/2011\/07\/micheluccio_hochzeitsfotograf_mcPhone_006.jpg 968w, https:\/\/micheluccio.net\/blog\/wp-content\/uploads\/2011\/07\/micheluccio_hochzeitsfotograf_mcPhone_006-150x150.jpg 150w, https:\/\/micheluccio.net\/blog\/wp-content\/uploads\/2011\/07\/micheluccio_hochzeitsfotograf_mcPhone_006-300x300.jpg 300w\" sizes=\"auto, (max-width: 778px) 100vw, 778px\" \/><\/a><\/p>\n<p>Palais &#8211; M\u00fcnchen 2011<\/p>\n<p>&nbsp;<\/p>\n<p>&nbsp;<\/p>\n<p><a rel=\"attachment wp-att-1105\" href=\"https:\/\/micheluccio.net\/blog\/?attachment_id=1105\"><img loading=\"lazy\" decoding=\"async\" class=\"aligncenter size-full wp-image-1105\" title=\"micheluccio_hochzeitsfotograf_mcPhone_005\" src=\"https:\/\/micheluccio.net\/blog\/wp-content\/uploads\/2011\/07\/micheluccio_hochzeitsfotograf_mcPhone_005.jpg\" alt=\"\" width=\"778\" height=\"778\" srcset=\"https:\/\/micheluccio.net\/blog\/wp-content\/uploads\/2011\/07\/micheluccio_hochzeitsfotograf_mcPhone_005.jpg 968w, https:\/\/micheluccio.net\/blog\/wp-content\/uploads\/2011\/07\/micheluccio_hochzeitsfotograf_mcPhone_005-150x150.jpg 150w, https:\/\/micheluccio.net\/blog\/wp-content\/uploads\/2011\/07\/micheluccio_hochzeitsfotograf_mcPhone_005-300x300.jpg 300w\" sizes=\"auto, (max-width: 778px) 100vw, 778px\" \/><\/a><\/p>\n<p>Espresso for two &#8211; M\u00fcnchen 2011<\/p>\n<p>&nbsp;<\/p>\n<p>&nbsp;<\/p>\n<p><a rel=\"attachment wp-att-1104\" href=\"https:\/\/micheluccio.net\/blog\/?attachment_id=1104\"><img loading=\"lazy\" decoding=\"async\" class=\"aligncenter size-full wp-image-1104\" title=\"micheluccio_hochzeitsfotograf_mcPhone_004\" src=\"https:\/\/micheluccio.net\/blog\/wp-content\/uploads\/2011\/07\/micheluccio_hochzeitsfotograf_mcPhone_004.jpg\" alt=\"\" width=\"778\" height=\"778\" srcset=\"https:\/\/micheluccio.net\/blog\/wp-content\/uploads\/2011\/07\/micheluccio_hochzeitsfotograf_mcPhone_004.jpg 968w, https:\/\/micheluccio.net\/blog\/wp-content\/uploads\/2011\/07\/micheluccio_hochzeitsfotograf_mcPhone_004-150x150.jpg 150w, https:\/\/micheluccio.net\/blog\/wp-content\/uploads\/2011\/07\/micheluccio_hochzeitsfotograf_mcPhone_004-300x300.jpg 300w\" sizes=\"auto, (max-width: 778px) 100vw, 778px\" \/><\/a><\/p>\n<p>Inim &#8211; M\u00fcnchen 2011<\/p>\n<p>&nbsp;<\/p>\n<p><a rel=\"attachment wp-att-1103\" href=\"https:\/\/micheluccio.net\/blog\/?attachment_id=1103\"><img loading=\"lazy\" decoding=\"async\" class=\"aligncenter size-full wp-image-1103\" title=\"micheluccio_hochzeitsfotograf_mcPhone_003\" src=\"https:\/\/micheluccio.net\/blog\/wp-content\/uploads\/2011\/07\/micheluccio_hochzeitsfotograf_mcPhone_003.jpg\" alt=\"\" width=\"778\" height=\"778\" srcset=\"https:\/\/micheluccio.net\/blog\/wp-content\/uploads\/2011\/07\/micheluccio_hochzeitsfotograf_mcPhone_003.jpg 968w, https:\/\/micheluccio.net\/blog\/wp-content\/uploads\/2011\/07\/micheluccio_hochzeitsfotograf_mcPhone_003-150x150.jpg 150w, https:\/\/micheluccio.net\/blog\/wp-content\/uploads\/2011\/07\/micheluccio_hochzeitsfotograf_mcPhone_003-300x300.jpg 300w\" sizes=\"auto, (max-width: 778px) 100vw, 778px\" \/><\/a><\/p>\n<p>American Car in Mainz &#8211; Mainz 2011<\/p>\n<p>&nbsp;<\/p>\n<p>&nbsp;<\/p>\n<p><a rel=\"attachment wp-att-1102\" href=\"https:\/\/micheluccio.net\/blog\/?attachment_id=1102\"><img loading=\"lazy\" decoding=\"async\" class=\"aligncenter size-full wp-image-1102\" title=\"micheluccio_hochzeitsfotograf_mcPhone_002\" src=\"https:\/\/micheluccio.net\/blog\/wp-content\/uploads\/2011\/07\/micheluccio_hochzeitsfotograf_mcPhone_002.jpg\" alt=\"\" width=\"778\" height=\"778\" srcset=\"https:\/\/micheluccio.net\/blog\/wp-content\/uploads\/2011\/07\/micheluccio_hochzeitsfotograf_mcPhone_002.jpg 968w, https:\/\/micheluccio.net\/blog\/wp-content\/uploads\/2011\/07\/micheluccio_hochzeitsfotograf_mcPhone_002-150x150.jpg 150w, https:\/\/micheluccio.net\/blog\/wp-content\/uploads\/2011\/07\/micheluccio_hochzeitsfotograf_mcPhone_002-300x300.jpg 300w\" sizes=\"auto, (max-width: 778px) 100vw, 778px\" \/><\/a><\/p>\n<p>Snow Vespa &#8211; Mainz 2010<\/p>\n<p>&nbsp;<\/p>\n<p>&nbsp;<\/p>\n<p><a rel=\"attachment wp-att-1101\" href=\"https:\/\/micheluccio.net\/blog\/?attachment_id=1101\"><img loading=\"lazy\" decoding=\"async\" class=\"aligncenter size-full wp-image-1101\" title=\"micheluccio_hochzeitsfotograf_mcPhone_001\" src=\"https:\/\/micheluccio.net\/blog\/wp-content\/uploads\/2011\/07\/micheluccio_hochzeitsfotograf_mcPhone_001.jpg\" alt=\"\" width=\"778\" height=\"778\" srcset=\"https:\/\/micheluccio.net\/blog\/wp-content\/uploads\/2011\/07\/micheluccio_hochzeitsfotograf_mcPhone_001.jpg 968w, https:\/\/micheluccio.net\/blog\/wp-content\/uploads\/2011\/07\/micheluccio_hochzeitsfotograf_mcPhone_001-150x150.jpg 150w, https:\/\/micheluccio.net\/blog\/wp-content\/uploads\/2011\/07\/micheluccio_hochzeitsfotograf_mcPhone_001-300x300.jpg 300w\" sizes=\"auto, (max-width: 778px) 100vw, 778px\" \/><\/a><\/p>\n<p>Ich im Rad &#8211; Mannheim 2010<\/p>\n","protected":false},"excerpt":{"rendered":"<p>Was soll das f\u00fcr eine neue Erfindung sein? Ja, habe ich mir auch gedacht aber mal ganz langsam erkl\u00e4rt: es soll nicht ein neues Smartphone werden, denn davon gibt es bereits wie Sand am Meer. Die Idee erweckt eigentlich in einem Hotel in M\u00fcnchen. Ich schaue mir die Bilder auf meinem iPhone&nbsp;an und empfinde die [&#038;hellip<\/p>\n","protected":false},"author":2,"featured_media":0,"parent":0,"menu_order":3,"comment_status":"closed","ping_status":"closed","template":"","meta":{"ngg_post_thumbnail":0,"footnotes":""},"class_list":["post-728","page","type-page","status-publish","hentry"],"_links":{"self":[{"href":"https:\/\/micheluccio.net\/blog\/index.php?rest_route=\/wp\/v2\/pages\/728","targetHints":{"allow":["GET"]}}],"collection":[{"href":"https:\/\/micheluccio.net\/blog\/index.php?rest_route=\/wp\/v2\/pages"}],"about":[{"href":"https:\/\/micheluccio.net\/blog\/index.php?rest_route=\/wp\/v2\/types\/page"}],"author":[{"embeddable":true,"href":"https:\/\/micheluccio.net\/blog\/index.php?rest_route=\/wp\/v2\/users\/2"}],"replies":[{"embeddable":true,"href":"https:\/\/micheluccio.net\/blog\/index.php?rest_route=%2Fwp%2Fv2%2Fcomments&post=728"}],"version-history":[{"count":18,"href":"https:\/\/micheluccio.net\/blog\/index.php?rest_route=\/wp\/v2\/pages\/728\/revisions"}],"predecessor-version":[{"id":1580,"href":"https:\/\/micheluccio.net\/blog\/index.php?rest_route=\/wp\/v2\/pages\/728\/revisions\/1580"}],"wp:attachment":[{"href":"https:\/\/micheluccio.net\/blog\/index.php?rest_route=%2Fwp%2Fv2%2Fmedia&parent=728"}],"curies":[{"name":"wp","href":"https:\/\/api.w.org\/{rel}","templated":true}]}}